{"id":4803,"date":"2020-11-11T17:46:28","date_gmt":"2020-11-11T17:46:28","guid":{"rendered":"https:\/\/medysif.com\/cookies\/"},"modified":"2021-06-02T15:47:41","modified_gmt":"2021-06-02T15:47:41","slug":"cookies","status":"publish","type":"page","link":"https:\/\/medysif.com\/pt-pt\/cookies\/","title":{"rendered":"Cookies"},"content":{"rendered":"\n<p><strong>POL\u00cdTICA DE COOKIES<\/strong><\/p>\n\n\n\n<p>Ao acessar nosso site <a href=\"http:\/\/medysif.com\/\">medysif.com<\/a> pela primeira vez, voc\u00ea pode nos informar suas prefer\u00eancias sobre o uso de cookies.<\/p>\n\n\n\n<p>Nosso site usa cookies para administrar o funcionamento adequado do site e para entender como ele \u00e9 utilizado, para que possamos melhor\u00e1-lo e prestar-lhe um melhor servi\u00e7o.<\/p>\n\n\n\n<p>Este documento descreve quais informa\u00e7\u00f5es os cookies coletam, como os utilizamos e por que os utilizamos. Tamb\u00e9m explicamos como restringir ou bloquear o download autom\u00e1tico de cookies. Entretanto, isto pode desativar ou at\u00e9 mesmo impedir o funcionamento adequado de certos elementos do site.<\/p>\n\n\n\n<p><strong>O QUE \u00c9 UM COOKIE?<\/strong><\/p>\n\n\n\n<p>Um cookie \u00e9 um pequeno arquivo de texto que \u00e9 armazenado em seu computador ou outro dispositivo, como um telefone celular ou tablet, por um website. Os cookies permitem que o site lembre de suas prefer\u00eancias enquanto voc\u00ea visita o site para lhe proporcionar uma experi\u00eancia mais personalizada. Eles ajudam a tornar os sites mais eficientes e podem permitir que os propriet\u00e1rios de sites acompanhem como o site est\u00e1 sendo usado e obtenham feedback sobre como fazer melhorias.<\/p>\n\n\n\n<p><strong>COMO O SITE DA MEDYSIF USA COOKIES?<\/strong><\/p>\n\n\n\n<p>O site da MedySIF usa cookies para melhorar a funcionalidade e para coletar informa\u00e7\u00f5es sobre como o site \u00e9 usado para nos permitir melhorar continuamente a experi\u00eancia do usu\u00e1rio.<\/p>\n\n\n\n<p>Se voc\u00ea desativou ou rejeitou cookies, algumas das funcionalidades de nosso website podem n\u00e3o estar dispon\u00edveis para voc\u00ea.<\/p>\n\n\n\n<p><strong>COOKIES EM NOSSO SITE<\/strong><\/p>\n\n\n\n<p>Em nosso site usamos v\u00e1rios cookies, voc\u00ea pode encontrar a lista na Tabela de Cookies.<\/p>\n\n\n\n<p>Dependendo da entidade que coleta os dados, n\u00f3s utilizamos: <\/p>\n\n\n\n<ol class=\"wp-block-list\" type=\"1\"><li><strong>Cookies pr\u00f3prios<\/strong>: s\u00e3o aqueles enviados ao equipamento terminal do usu\u00e1rio a partir de nosso dom\u00ednio.<\/li><li><strong>Cookies de terceiros<\/strong>: s\u00e3o aqueles que s\u00e3o enviados ao equipamento terminal do usu\u00e1rio a partir de um dom\u00ednio que n\u00e3o \u00e9 gerenciado por n\u00f3s, mas por outra entidade que processa os dados obtidos atrav\u00e9s de cookies.<\/li><\/ol>\n\n\n\n<p>Dependendo da fun\u00e7\u00e3o dos cookies, utilizamos as seguintes categorias de cookies: <\/p>\n\n\n\n<ul class=\"wp-block-list\"><li> <strong>Cookies t\u00e9cnicas<\/strong>: Estes cookies s\u00e3o estritamente necess\u00e1rios para permitir que voc\u00ea se movimente pelo site e utilize suas fun\u00e7\u00f5es. Eles se lembram dos detalhes de login dos usu\u00e1rios e garantem a seguran\u00e7a ao fazer o login, e tamb\u00e9m garantem que o uso do site seja consistente. Memorize seus dados de login. Refor\u00e7am a seguran\u00e7a ao efetuar o login. A base legal que nos permite aplicar este tipo de cookie quando voc\u00ea navega em nosso website \u00e9 nosso leg\u00edtimo interesse em permitir que voc\u00ea veja nosso website. (ver tabela abaixo)<\/li><li><strong>Cookies anal\u00edticas<\/strong>: que permitem o acompanhamento e an\u00e1lise do comportamento dos usu\u00e1rios do site ou aplicativo ao qual est\u00e3o vinculados. As informa\u00e7\u00f5es coletadas atrav\u00e9s deste tipo de cookie s\u00e3o utilizadas para medir a atividade dos sites, aplicativos ou plataformas e para a elabora\u00e7\u00e3o dos perfis de navega\u00e7\u00e3o dos usu\u00e1rios destes sites, aplicativos e plataformas, a fim de introduzir melhorias baseadas na an\u00e1lise dos dados de uso feita pelos usu\u00e1rios do servi\u00e7o. A base leg\u00edtima para coletarmos seus dados atrav\u00e9s desses cookies \u00e9 seu <em>consentimento<\/em>. (Ver tabela abaixo).<\/li><li><strong>Cookies de publicidade<\/strong>: ou cookies de publicidade que permitem a gest\u00e3o de espa\u00e7os publicit\u00e1rios com base em diferentes crit\u00e9rios. Em alguns casos eles podem se tornar cookies que rastreiam os h\u00e1bitos de navega\u00e7\u00e3o dos usu\u00e1rios para obter um perfil de usu\u00e1rio que nos permite oferecer as informa\u00e7\u00f5es que lhe interessam mesmo em sites n\u00e3o gerenciados por n\u00f3s. A base leg\u00edtima para coletarmos seus dados atrav\u00e9s desses cookies \u00e9 seu <em>consentimento<\/em>. (Ver tabela abaixo).<\/li><\/ul>\n\n\n\n<p><\/p>\n\n\n\n<p><strong>COMO SE DESINSTALAM OS COOKIES?<\/strong><\/p>\n\n\n\n<p>Se o usu\u00e1rio quiser excluir os cookies registrados pela Medysif de seu navegador, em geral, ele deve ir ao menu Prefer\u00eancias ou Configura\u00e7\u00f5es do Navegador e procurar a se\u00e7\u00e3o Privacidade. Como exemplo, voc\u00ea pode seguir as seguintes instru\u00e7\u00f5es:<\/p>\n\n\n\n<ul class=\"wp-block-list\"><li><a href=\"http:\/\/windows.microsoft.com\/en-us\/internet-explorer\/delete-manage-cookies#ie=ie-10\">Internet Explorer<\/a> <\/li><li><a href=\"https:\/\/support.google.com\/chrome\/answer\/95647\">Google Chrome<\/a> <\/li><li><a href=\"http:\/\/support.mozilla.org\/kb\/delete-cookies-remove-info-websites-stored\">Firefox<\/a> <\/li><li><a href=\"https:\/\/support.apple.com\/es-es\/guide\/safari\/manage-cookies-and-website-data-sfri11471\/mac\">Safari<\/a> <\/li><\/ul>\n\n\n\n<p><\/p>\n\n\n\n<p><strong><u>Tabela de Cookies<\/u><\/strong><\/p>\n\n\n\n<figure class=\"wp-block-table\"><table><tbody><tr><td><strong>Nome<\/strong><\/td><td><strong>Fornecedor<\/strong><\/td><td><strong>Descri\u00e7\u00e3o<\/strong><\/td><td><strong>Tipo<\/strong><\/td><td><strong>Validade<\/strong><\/td><\/tr><tr><td>Elementor<\/td><td>medysif.com<\/td><td>Usado em conex\u00e3o com o tema WordPress na web. O cookie permite que o propriet\u00e1rio da web<br>implementar ou alterar o conte\u00fado da web em tempo real.<\/td><td>HTML<\/td><td>Persistent<\/td><\/tr><tr><td>smartlook_ban_reason<\/td><td>medysif.com<\/td><td>Este cookie \u00e9 usado para detectar erros no site. Esta informa\u00e7\u00e3o \u00e9 transmitida ao t\u00e9cnico do site para melhorar a experi\u00eancia do visitante do site.<\/td><td>HTML<\/td><td>Persistent<\/td><\/tr><tr><td>_ga<\/td><td>medysif.com<\/td><td>Ele registra uma identifica\u00e7\u00e3o \u00fanica que \u00e9 usada para gerar dados estat\u00edsticos sobre como o visitante usa o site.<\/td><td>HTML<\/td><td>2 a\u00f1os<\/td><\/tr><tr><td>_gat<\/td><td>medysif.com<\/td><td>Utilizado pelo Google Analytics para controlar a taxa de solicita\u00e7\u00e3o<\/td><td>HTML<\/td><td>1 d\u00eda<\/td><\/tr><tr><td>_gid<\/td><td>medysif.com<\/td><td> Ele registra uma identifica\u00e7\u00e3o \u00fanica que \u00e9 usada para gerar dados estat\u00edsticos sobre como o visitante usa o site.<\/td><td>HTML<\/td><td>1 d\u00eda<\/td><\/tr><\/tbody><\/table><\/figure>\n\n\n\n<p><\/p>\n","protected":false},"excerpt":{"rendered":"<p>POL\u00cdTICA DE COOKIES Ao acessar nosso site medysif.com pela primeira vez, voc\u00ea pode nos informar suas prefer\u00eancias sobre o uso de cookies. Nosso site usa cookies para administrar o funcionamento adequado do site e para entender como ele \u00e9 utilizado, para que possamos melhor\u00e1-lo e prestar-lhe um melhor servi\u00e7o. Este documento descreve quais informa\u00e7\u00f5es os [&hellip;]<\/p>\n","protected":false},"author":1,"featured_media":0,"parent":0,"menu_order":0,"comment_status":"closed","ping_status":"closed","template":"","meta":{"content-type":"","footnotes":""},"class_list":["post-4803","page","type-page","status-publish","hentry"],"yoast_head":"<!-- This site is optimized with the Yoast SEO plugin v26.9 - https:\/\/yoast.com\/product\/yoast-seo-wordpress\/ -->\n<title>Cookies | Medysif<\/title>\n<meta name=\"robots\" content=\"noindex, nofollow\" \/>\n<meta property=\"og:locale\" content=\"pt_PT\" \/>\n<meta property=\"og:type\" content=\"article\" \/>\n<meta property=\"og:title\" content=\"Cookies | Medysif\" \/>\n<meta property=\"og:description\" content=\"POL\u00cdTICA DE COOKIES Ao acessar nosso site medysif.com pela primeira vez, voc\u00ea pode nos informar suas prefer\u00eancias sobre o uso de cookies. Nosso site usa cookies para administrar o funcionamento adequado do site e para entender como ele \u00e9 utilizado, para que possamos melhor\u00e1-lo e prestar-lhe um melhor servi\u00e7o. Este documento descreve quais informa\u00e7\u00f5es os [&hellip;]\" \/>\n<meta property=\"og:url\" content=\"https:\/\/medysif.com\/pt-pt\/cookies\/\" \/>\n<meta property=\"og:site_name\" content=\"Medysif\" \/>\n<meta property=\"article:modified_time\" content=\"2021-06-02T15:47:41+00:00\" \/>\n<meta name=\"twitter:card\" content=\"summary_large_image\" \/>\n<meta name=\"twitter:label1\" content=\"Tempo estimado de leitura\" \/>\n\t<meta name=\"twitter:data1\" content=\"4 minutos\" \/>\n<script type=\"application\/ld+json\" class=\"yoast-schema-graph\">{\"@context\":\"https:\/\/schema.org\",\"@graph\":[{\"@type\":\"WebPage\",\"@id\":\"https:\/\/medysif.com\/pt-pt\/cookies\/\",\"url\":\"https:\/\/medysif.com\/pt-pt\/cookies\/\",\"name\":\"Cookies | Medysif\",\"isPartOf\":{\"@id\":\"https:\/\/medysif.com\/pt-pt\/#website\"},\"datePublished\":\"2020-11-11T17:46:28+00:00\",\"dateModified\":\"2021-06-02T15:47:41+00:00\",\"breadcrumb\":{\"@id\":\"https:\/\/medysif.com\/pt-pt\/cookies\/#breadcrumb\"},\"inLanguage\":\"pt-PT\",\"potentialAction\":[{\"@type\":\"ReadAction\",\"target\":[\"https:\/\/medysif.com\/pt-pt\/cookies\/\"]}]},{\"@type\":\"BreadcrumbList\",\"@id\":\"https:\/\/medysif.com\/pt-pt\/cookies\/#breadcrumb\",\"itemListElement\":[{\"@type\":\"ListItem\",\"position\":1,\"name\":\"Portada\",\"item\":\"https:\/\/medysif.com\/pt-pt\/\"},{\"@type\":\"ListItem\",\"position\":2,\"name\":\"Cookies\"}]},{\"@type\":\"WebSite\",\"@id\":\"https:\/\/medysif.com\/pt-pt\/#website\",\"url\":\"https:\/\/medysif.com\/pt-pt\/\",\"name\":\"Medysif\",\"description\":\"Otro sitio realizado con WordPress\",\"publisher\":{\"@id\":\"https:\/\/medysif.com\/pt-pt\/#organization\"},\"potentialAction\":[{\"@type\":\"SearchAction\",\"target\":{\"@type\":\"EntryPoint\",\"urlTemplate\":\"https:\/\/medysif.com\/pt-pt\/?s={search_term_string}\"},\"query-input\":{\"@type\":\"PropertyValueSpecification\",\"valueRequired\":true,\"valueName\":\"search_term_string\"}}],\"inLanguage\":\"pt-PT\"},{\"@type\":\"Organization\",\"@id\":\"https:\/\/medysif.com\/pt-pt\/#organization\",\"name\":\"MedySIF\",\"url\":\"https:\/\/medysif.com\/pt-pt\/\",\"logo\":{\"@type\":\"ImageObject\",\"inLanguage\":\"pt-PT\",\"@id\":\"https:\/\/medysif.com\/pt-pt\/#\/schema\/logo\/image\/\",\"url\":\"https:\/\/medysif.com\/wp-content\/uploads\/2020\/08\/logo-sindesc.jpg\",\"contentUrl\":\"https:\/\/medysif.com\/wp-content\/uploads\/2020\/08\/logo-sindesc.jpg\",\"width\":500,\"height\":101,\"caption\":\"MedySIF\"},\"image\":{\"@id\":\"https:\/\/medysif.com\/pt-pt\/#\/schema\/logo\/image\/\"}}]}<\/script>\n<!-- \/ Yoast SEO plugin. -->","yoast_head_json":{"title":"Cookies | Medysif","robots":{"index":"noindex","follow":"nofollow"},"og_locale":"pt_PT","og_type":"article","og_title":"Cookies | Medysif","og_description":"POL\u00cdTICA DE COOKIES Ao acessar nosso site medysif.com pela primeira vez, voc\u00ea pode nos informar suas prefer\u00eancias sobre o uso de cookies. Nosso site usa cookies para administrar o funcionamento adequado do site e para entender como ele \u00e9 utilizado, para que possamos melhor\u00e1-lo e prestar-lhe um melhor servi\u00e7o. Este documento descreve quais informa\u00e7\u00f5es os [&hellip;]","og_url":"https:\/\/medysif.com\/pt-pt\/cookies\/","og_site_name":"Medysif","article_modified_time":"2021-06-02T15:47:41+00:00","twitter_card":"summary_large_image","twitter_misc":{"Tempo estimado de leitura":"4 minutos"},"schema":{"@context":"https:\/\/schema.org","@graph":[{"@type":"WebPage","@id":"https:\/\/medysif.com\/pt-pt\/cookies\/","url":"https:\/\/medysif.com\/pt-pt\/cookies\/","name":"Cookies | Medysif","isPartOf":{"@id":"https:\/\/medysif.com\/pt-pt\/#website"},"datePublished":"2020-11-11T17:46:28+00:00","dateModified":"2021-06-02T15:47:41+00:00","breadcrumb":{"@id":"https:\/\/medysif.com\/pt-pt\/cookies\/#breadcrumb"},"inLanguage":"pt-PT","potentialAction":[{"@type":"ReadAction","target":["https:\/\/medysif.com\/pt-pt\/cookies\/"]}]},{"@type":"BreadcrumbList","@id":"https:\/\/medysif.com\/pt-pt\/cookies\/#breadcrumb","itemListElement":[{"@type":"ListItem","position":1,"name":"Portada","item":"https:\/\/medysif.com\/pt-pt\/"},{"@type":"ListItem","position":2,"name":"Cookies"}]},{"@type":"WebSite","@id":"https:\/\/medysif.com\/pt-pt\/#website","url":"https:\/\/medysif.com\/pt-pt\/","name":"Medysif","description":"Otro sitio realizado con WordPress","publisher":{"@id":"https:\/\/medysif.com\/pt-pt\/#organization"},"potentialAction":[{"@type":"SearchAction","target":{"@type":"EntryPoint","urlTemplate":"https:\/\/medysif.com\/pt-pt\/?s={search_term_string}"},"query-input":{"@type":"PropertyValueSpecification","valueRequired":true,"valueName":"search_term_string"}}],"inLanguage":"pt-PT"},{"@type":"Organization","@id":"https:\/\/medysif.com\/pt-pt\/#organization","name":"MedySIF","url":"https:\/\/medysif.com\/pt-pt\/","logo":{"@type":"ImageObject","inLanguage":"pt-PT","@id":"https:\/\/medysif.com\/pt-pt\/#\/schema\/logo\/image\/","url":"https:\/\/medysif.com\/wp-content\/uploads\/2020\/08\/logo-sindesc.jpg","contentUrl":"https:\/\/medysif.com\/wp-content\/uploads\/2020\/08\/logo-sindesc.jpg","width":500,"height":101,"caption":"MedySIF"},"image":{"@id":"https:\/\/medysif.com\/pt-pt\/#\/schema\/logo\/image\/"}}]}},"_links":{"self":[{"href":"https:\/\/medysif.com\/pt-pt\/wp-json\/wp\/v2\/pages\/4803","targetHints":{"allow":["GET"]}}],"collection":[{"href":"https:\/\/medysif.com\/pt-pt\/wp-json\/wp\/v2\/pages"}],"about":[{"href":"https:\/\/medysif.com\/pt-pt\/wp-json\/wp\/v2\/types\/page"}],"author":[{"embeddable":true,"href":"https:\/\/medysif.com\/pt-pt\/wp-json\/wp\/v2\/users\/1"}],"replies":[{"embeddable":true,"href":"https:\/\/medysif.com\/pt-pt\/wp-json\/wp\/v2\/comments?post=4803"}],"version-history":[{"count":5,"href":"https:\/\/medysif.com\/pt-pt\/wp-json\/wp\/v2\/pages\/4803\/revisions"}],"predecessor-version":[{"id":5286,"href":"https:\/\/medysif.com\/pt-pt\/wp-json\/wp\/v2\/pages\/4803\/revisions\/5286"}],"wp:attachment":[{"href":"https:\/\/medysif.com\/pt-pt\/wp-json\/wp\/v2\/media?parent=4803"}],"curies":[{"name":"wp","href":"https:\/\/api.w.org\/{rel}","templated":true}]}}