{"id":4715,"date":"2020-11-11T16:57:37","date_gmt":"2020-11-11T16:57:37","guid":{"rendered":"https:\/\/medysif.com\/aviso-legal\/"},"modified":"2020-11-18T14:03:16","modified_gmt":"2020-11-18T14:03:16","slug":"aviso-legal","status":"publish","type":"page","link":"https:\/\/medysif.com\/pt-pt\/aviso-legal\/","title":{"rendered":"Aviso legal"},"content":{"rendered":"\n<p><strong>Quem somos<\/strong><\/p>\n\n\n\n<p>Este site medysif.com (o &#8220;Website&#8221;) \u00e9 propriedade da Mediterr\u00e1nea y Soluciones Inform\u00e1ticas Financieras, S.A. (&#8220;Medysif&#8221;) com n\u00famero NIF A-61894648, com sede em Espronceda 53-57, 08005 Barcelona, inscrita no Registro Mercantil de Barcelona.<\/p>\n\n\n\n<p>Voc\u00ea pode entrar em contato conosco atrav\u00e9s de nosso endere\u00e7o de e-mail info@medysif.com, ou ligando para +34 93.303.46.86.<\/p>\n\n\n\n<p><strong>Propriedade industrial e intelectual<\/strong><\/p>\n\n\n\n<p>Todos os direitos de propriedade intelectual e industrial aplic\u00e1veis aos conte\u00fados inclu\u00eddos no site s\u00e3o propriedade da Medysif ou de seus licenciadores, e s\u00e3o protegidos pela legisla\u00e7\u00e3o nacional e internacional em vigor. Na medida em que n\u00e3o seja expressamente declarado o contr\u00e1rio, todos os direitos sobre o conte\u00fado s\u00e3o reservados.<\/p>\n\n\n\n<p>Isto inclui, mas n\u00e3o est\u00e1 limitado a imagens, marcas, logotipos, sinais distintivos, sons e anima\u00e7\u00f5es, textos, grava\u00e7\u00f5es sonoras, visuais e audiovisuais e as bases de dados que comp\u00f5em o site e fazem parte do mesmo.<\/p>\n\n\n\n<p>Qualquer uso de sua parte que n\u00e3o tenha sido expressamente autorizado pela Medysif, seja direto ou indireto, com ou sem fins lucrativos, do conte\u00fado, incluindo o download e armazenamento, transmiss\u00e3o, comunica\u00e7\u00e3o p\u00fablica, distribui\u00e7\u00e3o, reprodu\u00e7\u00e3o ou transforma\u00e7\u00e3o, total ou parcial, do mesmo, \u00e9 expressamente proibido, e a Medysif pode exercer todas as a\u00e7\u00f5es judiciais e extrajudiciais que considere convenientes como consequ\u00eancia de uma eventual infra\u00e7\u00e3o de seus direitos.<\/p>\n\n\n\n<p><strong>Responsabilidade<\/strong><\/p>\n\n\n\n<p>Medysif n\u00e3o \u00e9 respons\u00e1vel pelas p\u00e1ginas web de terceiros acess\u00edveis a partir do site; nem pela exatid\u00e3o, veracidade e validade das informa\u00e7\u00f5es do site que n\u00e3o s\u00e3o de sua pr\u00f3pria elabora\u00e7\u00e3o, cujo conte\u00fado pertence a fontes de informa\u00e7\u00e3o de terceiros n\u00e3o pertencentes \u00e0 Medysif.<\/p>\n\n\n\n<p>Entretanto, em virtude do artigo 17 da Lei 34\/2002, de 11 de julho, sobre servi\u00e7os da sociedade da informa\u00e7\u00e3o e com\u00e9rcio eletr\u00f4nico, quando Medysif tomar conhecimento da ilegalidade de tal conte\u00fado ou links, compromete-se a remover ou desativar esses links, bem como a remover ou, quando apropriado, bloquear qualquer conte\u00fado que possa ser ilegal ou infringir os direitos de terceiros, de acordo com os artigos 11 e 16 da mesma Lei.<\/p>\n\n\n\n<p>A empresa tamb\u00e9m n\u00e3o ser\u00e1 respons\u00e1vel por quaisquer danos que possam ocorrer devido a falhas ou configura\u00e7\u00e3o incorreta do software instalado no computador do usu\u00e1rio da Internet. Est\u00e1 exclu\u00edda qualquer responsabilidade por qualquer incid\u00eancia ou falha t\u00e9cnica que ocorra quando o usu\u00e1rio se conecta \u00e0 Internet. Da mesma forma, n\u00e3o \u00e9 dada nenhuma garantia pela inexist\u00eancia de interrup\u00e7\u00f5es ou erros no acesso ao site.<\/p>\n\n\n\n<p>Da mesma forma, a Medysif reserva-se o direito de atualizar, modificar ou eliminar as informa\u00e7\u00f5es contidas em seu website, bem como sua configura\u00e7\u00e3o ou apresenta\u00e7\u00e3o, a qualquer momento, sem assumir qualquer responsabilidade por ela.<\/p>\n\n\n\n<p><strong>Privacidade<\/strong><\/p>\n\n\n\n<p>Todos os dados que voc\u00ea fornecer ser\u00e3o tratados de acordo com nossa <a href=\"https:\/\/medysif.com\/politica-privacidad\/\" data-type=\"page\" data-id=\"3\">Pol\u00edtica de Privacidade<\/a> .<\/p>\n\n\n\n<p><strong>Pol\u00edtica de cookies<\/strong><\/p>\n\n\n\n<p>Medysif pode utilizar cookies quando o usu\u00e1rio navega pelo site. Favor consultar a Pol\u00edtica de Cookies para maiores informa\u00e7\u00f5es. Favor consultar a <a href=\"https:\/\/medysif.com\/cookies\/\" data-type=\"page\" data-id=\"469\">Pol\u00edtica de Cookies<\/a> para maiores informa\u00e7\u00f5es.<\/p>\n\n\n\n<p><strong>Legisla\u00e7\u00e3o aplic\u00e1vel e jurisdi\u00e7\u00e3o <\/strong><\/p>\n\n\n\n<p>Este Aviso Legal, incluindo a Pol\u00edtica de Privacidade e a Pol\u00edtica de Cookie, s\u00e3o regidos pela lei espanhola. Os ju\u00edzes e os tribunais da cidade de Barcelona ser\u00e3o competentes para decidir qualquer disputa.<\/p>\n","protected":false},"excerpt":{"rendered":"<p>Quem somos Este site medysif.com (o &#8220;Website&#8221;) \u00e9 propriedade da Mediterr\u00e1nea y Soluciones Inform\u00e1ticas Financieras, S.A. (&#8220;Medysif&#8221;) com n\u00famero NIF A-61894648, com sede em Espronceda 53-57, 08005 Barcelona, inscrita no Registro Mercantil de Barcelona. Voc\u00ea pode entrar em contato conosco atrav\u00e9s de nosso endere\u00e7o de e-mail info@medysif.com, ou ligando para +34 93.303.46.86. Propriedade industrial e [&hellip;]<\/p>\n","protected":false},"author":1,"featured_media":0,"parent":0,"menu_order":0,"comment_status":"closed","ping_status":"closed","template":"","meta":{"content-type":"","footnotes":""},"class_list":["post-4715","page","type-page","status-publish","hentry"],"yoast_head":"<!-- This site is optimized with the Yoast SEO plugin v26.9 - https:\/\/yoast.com\/product\/yoast-seo-wordpress\/ -->\n<title>Aviso legal | Medysif<\/title>\n<meta name=\"robots\" content=\"noindex, nofollow\" \/>\n<meta property=\"og:locale\" content=\"pt_PT\" \/>\n<meta property=\"og:type\" content=\"article\" \/>\n<meta property=\"og:title\" content=\"Aviso legal | Medysif\" \/>\n<meta property=\"og:description\" content=\"Quem somos Este site medysif.com (o &#8220;Website&#8221;) \u00e9 propriedade da Mediterr\u00e1nea y Soluciones Inform\u00e1ticas Financieras, S.A. (&#8220;Medysif&#8221;) com n\u00famero NIF A-61894648, com sede em Espronceda 53-57, 08005 Barcelona, inscrita no Registro Mercantil de Barcelona. Voc\u00ea pode entrar em contato conosco atrav\u00e9s de nosso endere\u00e7o de e-mail info@medysif.com, ou ligando para +34 93.303.46.86. Propriedade industrial e [&hellip;]\" \/>\n<meta property=\"og:url\" content=\"https:\/\/medysif.com\/pt-pt\/aviso-legal\/\" \/>\n<meta property=\"og:site_name\" content=\"Medysif\" \/>\n<meta property=\"article:modified_time\" content=\"2020-11-18T14:03:16+00:00\" \/>\n<meta name=\"twitter:card\" content=\"summary_large_image\" \/>\n<meta name=\"twitter:label1\" content=\"Tempo estimado de leitura\" \/>\n\t<meta name=\"twitter:data1\" content=\"3 minutos\" \/>\n<script type=\"application\/ld+json\" class=\"yoast-schema-graph\">{\"@context\":\"https:\/\/schema.org\",\"@graph\":[{\"@type\":\"WebPage\",\"@id\":\"https:\/\/medysif.com\/pt-pt\/aviso-legal\/\",\"url\":\"https:\/\/medysif.com\/pt-pt\/aviso-legal\/\",\"name\":\"Aviso legal | Medysif\",\"isPartOf\":{\"@id\":\"https:\/\/medysif.com\/pt-pt\/#website\"},\"datePublished\":\"2020-11-11T16:57:37+00:00\",\"dateModified\":\"2020-11-18T14:03:16+00:00\",\"breadcrumb\":{\"@id\":\"https:\/\/medysif.com\/pt-pt\/aviso-legal\/#breadcrumb\"},\"inLanguage\":\"pt-PT\",\"potentialAction\":[{\"@type\":\"ReadAction\",\"target\":[\"https:\/\/medysif.com\/pt-pt\/aviso-legal\/\"]}]},{\"@type\":\"BreadcrumbList\",\"@id\":\"https:\/\/medysif.com\/pt-pt\/aviso-legal\/#breadcrumb\",\"itemListElement\":[{\"@type\":\"ListItem\",\"position\":1,\"name\":\"Portada\",\"item\":\"https:\/\/medysif.com\/pt-pt\/\"},{\"@type\":\"ListItem\",\"position\":2,\"name\":\"Aviso legal\"}]},{\"@type\":\"WebSite\",\"@id\":\"https:\/\/medysif.com\/pt-pt\/#website\",\"url\":\"https:\/\/medysif.com\/pt-pt\/\",\"name\":\"Medysif\",\"description\":\"Otro sitio realizado con WordPress\",\"publisher\":{\"@id\":\"https:\/\/medysif.com\/pt-pt\/#organization\"},\"potentialAction\":[{\"@type\":\"SearchAction\",\"target\":{\"@type\":\"EntryPoint\",\"urlTemplate\":\"https:\/\/medysif.com\/pt-pt\/?s={search_term_string}\"},\"query-input\":{\"@type\":\"PropertyValueSpecification\",\"valueRequired\":true,\"valueName\":\"search_term_string\"}}],\"inLanguage\":\"pt-PT\"},{\"@type\":\"Organization\",\"@id\":\"https:\/\/medysif.com\/pt-pt\/#organization\",\"name\":\"MedySIF\",\"url\":\"https:\/\/medysif.com\/pt-pt\/\",\"logo\":{\"@type\":\"ImageObject\",\"inLanguage\":\"pt-PT\",\"@id\":\"https:\/\/medysif.com\/pt-pt\/#\/schema\/logo\/image\/\",\"url\":\"https:\/\/medysif.com\/wp-content\/uploads\/2020\/08\/logo-sindesc.jpg\",\"contentUrl\":\"https:\/\/medysif.com\/wp-content\/uploads\/2020\/08\/logo-sindesc.jpg\",\"width\":500,\"height\":101,\"caption\":\"MedySIF\"},\"image\":{\"@id\":\"https:\/\/medysif.com\/pt-pt\/#\/schema\/logo\/image\/\"}}]}<\/script>\n<!-- \/ Yoast SEO plugin. -->","yoast_head_json":{"title":"Aviso legal | Medysif","robots":{"index":"noindex","follow":"nofollow"},"og_locale":"pt_PT","og_type":"article","og_title":"Aviso legal | Medysif","og_description":"Quem somos Este site medysif.com (o &#8220;Website&#8221;) \u00e9 propriedade da Mediterr\u00e1nea y Soluciones Inform\u00e1ticas Financieras, S.A. (&#8220;Medysif&#8221;) com n\u00famero NIF A-61894648, com sede em Espronceda 53-57, 08005 Barcelona, inscrita no Registro Mercantil de Barcelona. Voc\u00ea pode entrar em contato conosco atrav\u00e9s de nosso endere\u00e7o de e-mail info@medysif.com, ou ligando para +34 93.303.46.86. Propriedade industrial e [&hellip;]","og_url":"https:\/\/medysif.com\/pt-pt\/aviso-legal\/","og_site_name":"Medysif","article_modified_time":"2020-11-18T14:03:16+00:00","twitter_card":"summary_large_image","twitter_misc":{"Tempo estimado de leitura":"3 minutos"},"schema":{"@context":"https:\/\/schema.org","@graph":[{"@type":"WebPage","@id":"https:\/\/medysif.com\/pt-pt\/aviso-legal\/","url":"https:\/\/medysif.com\/pt-pt\/aviso-legal\/","name":"Aviso legal | Medysif","isPartOf":{"@id":"https:\/\/medysif.com\/pt-pt\/#website"},"datePublished":"2020-11-11T16:57:37+00:00","dateModified":"2020-11-18T14:03:16+00:00","breadcrumb":{"@id":"https:\/\/medysif.com\/pt-pt\/aviso-legal\/#breadcrumb"},"inLanguage":"pt-PT","potentialAction":[{"@type":"ReadAction","target":["https:\/\/medysif.com\/pt-pt\/aviso-legal\/"]}]},{"@type":"BreadcrumbList","@id":"https:\/\/medysif.com\/pt-pt\/aviso-legal\/#breadcrumb","itemListElement":[{"@type":"ListItem","position":1,"name":"Portada","item":"https:\/\/medysif.com\/pt-pt\/"},{"@type":"ListItem","position":2,"name":"Aviso legal"}]},{"@type":"WebSite","@id":"https:\/\/medysif.com\/pt-pt\/#website","url":"https:\/\/medysif.com\/pt-pt\/","name":"Medysif","description":"Otro sitio realizado con WordPress","publisher":{"@id":"https:\/\/medysif.com\/pt-pt\/#organization"},"potentialAction":[{"@type":"SearchAction","target":{"@type":"EntryPoint","urlTemplate":"https:\/\/medysif.com\/pt-pt\/?s={search_term_string}"},"query-input":{"@type":"PropertyValueSpecification","valueRequired":true,"valueName":"search_term_string"}}],"inLanguage":"pt-PT"},{"@type":"Organization","@id":"https:\/\/medysif.com\/pt-pt\/#organization","name":"MedySIF","url":"https:\/\/medysif.com\/pt-pt\/","logo":{"@type":"ImageObject","inLanguage":"pt-PT","@id":"https:\/\/medysif.com\/pt-pt\/#\/schema\/logo\/image\/","url":"https:\/\/medysif.com\/wp-content\/uploads\/2020\/08\/logo-sindesc.jpg","contentUrl":"https:\/\/medysif.com\/wp-content\/uploads\/2020\/08\/logo-sindesc.jpg","width":500,"height":101,"caption":"MedySIF"},"image":{"@id":"https:\/\/medysif.com\/pt-pt\/#\/schema\/logo\/image\/"}}]}},"_links":{"self":[{"href":"https:\/\/medysif.com\/pt-pt\/wp-json\/wp\/v2\/pages\/4715","targetHints":{"allow":["GET"]}}],"collection":[{"href":"https:\/\/medysif.com\/pt-pt\/wp-json\/wp\/v2\/pages"}],"about":[{"href":"https:\/\/medysif.com\/pt-pt\/wp-json\/wp\/v2\/types\/page"}],"author":[{"embeddable":true,"href":"https:\/\/medysif.com\/pt-pt\/wp-json\/wp\/v2\/users\/1"}],"replies":[{"embeddable":true,"href":"https:\/\/medysif.com\/pt-pt\/wp-json\/wp\/v2\/comments?post=4715"}],"version-history":[{"count":6,"href":"https:\/\/medysif.com\/pt-pt\/wp-json\/wp\/v2\/pages\/4715\/revisions"}],"predecessor-version":[{"id":5081,"href":"https:\/\/medysif.com\/pt-pt\/wp-json\/wp\/v2\/pages\/4715\/revisions\/5081"}],"wp:attachment":[{"href":"https:\/\/medysif.com\/pt-pt\/wp-json\/wp\/v2\/media?parent=4715"}],"curies":[{"name":"wp","href":"https:\/\/api.w.org\/{rel}","templated":true}]}}