{"id":4509,"date":"2020-10-29T17:53:11","date_gmt":"2020-10-29T17:53:11","guid":{"rendered":"https:\/\/medysif.com\/diagnostico-gratis-termos-e-condicoe\/"},"modified":"2020-11-11T18:31:49","modified_gmt":"2020-11-11T18:31:49","slug":"diagnostico-gratis-termos-e-condicoe","status":"publish","type":"page","link":"https:\/\/medysif.com\/pt-pt\/diagnostico-gratis-termos-e-condicoe\/","title":{"rendered":"Diagn\u00f3stico gr\u00e1tis &#8211; Termos e Condi\u00e7\u00f5es"},"content":{"rendered":"\n<p>Estes termos e condi\u00e7\u00f5es (&#8220;<strong>Termos<\/strong>&#8220;) aplicam-se \u00e0 presta\u00e7\u00e3o do servi\u00e7o de diagn\u00f3stico gratuito (&#8220;<strong>Servi\u00e7o de Diagn\u00f3stico Gratuito<\/strong>&#8220;) por Mediterr\u00e1nea y Soluciones Financieras S.A. (a &#8220;<strong>Empresa<\/strong>&#8221; ou &#8220;<strong>n\u00f3s<\/strong>&#8220;) aos usu\u00e1rios do site (&#8220;<strong>Voc\u00ea<\/strong>&#8220;). Voc\u00ea pode encontrar mais informa\u00e7\u00f5es sobre a empresa em nosso <a href=\"https:\/\/medysif.com\/aviso-legal\/\">Aviso Legal<\/a>. <\/p>\n\n<p><strong>1. DIREITO DE PROPRIEDADE INTELECTUAL<\/strong><\/p>\n\n<p>De acordo com estes Termos, a Empresa fornecer\u00e1 a voc\u00ea um diagn\u00f3stico gratuito da gest\u00e3o de <em>dados de mercado<\/em> de sua empresa, com base nas respostas fornecidas no question\u00e1rio em nosso site. O servi\u00e7o de diagn\u00f3stico<strong> <\/strong>gratuito \u00e9 fornecido gratuitamente. <\/p>\n\n<p><strong>2. T\u00c9RMINO <\/strong><\/p>\n\n<p>Ao menos que indique o contr\u00e1rio, proporcionaremos o resultado do nosso diagn\u00f3stico gratuito (o \u201c<strong>Relat\u00f3rio<\/strong>\u201d) no final do teste e entraremos em contato em rela\u00e7\u00e3o \u00e0 uma eventual solicita\u00e7\u00e3o dos nossos servi\u00e7os atrav\u00e9s do endere\u00e7o de e-mail que indicado no question\u00e1rio. <\/p>\n\n<p><strong>  3. 3. DIREITOS DE PROPRIEDADE INTELECTUAL<\/strong><\/p>\n\n<p>La Compa\u00f1\u00eda es propietaria de todos los derechos, t\u00edtulos e intereses sobre el Servicio de Diagn\u00f3stico<strong> <\/strong>Gratuito, o conte\u00fado do Relat\u00f3rio e as informa\u00e7\u00f5es que fornecemos a voc\u00ea, o design, a programa\u00e7\u00e3o e a estrutura do Servi\u00e7o de Diagn\u00f3stico<strong> <\/strong>Gratuito, bem como outros direitos e <em>know-how<\/em> relacionados a ele e todos os direitos associados a direitos autorais e marcas registradas. Voc\u00ea n\u00e3o contestar\u00e1 a propriedade da Empresa do Servi\u00e7o de Diagn\u00f3stico<strong> <\/strong>Gratuito ou de qualquer conte\u00fado. Todos os dados que voc\u00ea fornece s\u00e3o seus e n\u00e3o os usaremos para nenhum outro prop\u00f3sito al\u00e9m de fornecer o Servi\u00e7o de Diagn\u00f3stico<strong> <\/strong>Gratuito.<\/p>\n\n<p> <strong>4. CONFIDENCIALIDADE<\/strong><\/p>\n\n<p>Todos os dados compartilhados em rela\u00e7\u00e3o ao diagn\u00f3stico s\u00e3o confidenciais e ambas as partes concordam em n\u00e3o compartilhar essas informa\u00e7\u00f5es com terceiros ou us\u00e1-las para qualquer outra finalidade que n\u00e3o o Servi\u00e7o de <strong>Diagn\u00f3stico Gratuito<\/strong> e o acompanhamento da solicita\u00e7\u00e3o de servi\u00e7os. <\/p>\n\n<p><strong>5. RENUNCIA A LA GARANT\u00cdA<\/strong><\/p>\n\n<p>O servi\u00e7o de an\u00e1lise gratuita \u00e9 fornecido gratuitamente e se baseia nas respostas que voc\u00ea deu ao nosso question\u00e1rio e em qualquer outra informa\u00e7\u00e3o que voc\u00ea possa nos proporcionar . Voc\u00ea garante que as informa\u00e7\u00f5es que nos fornece e suas respostas s\u00e3o verdadeiras, precisas e atualizadas, para que possamos fornecer um diagn\u00f3stico correto. Nosso diagn\u00f3stico \u00e9 baseado em suas respostas e n\u00e3o fazemos representa\u00e7\u00f5es ou garantias em rela\u00e7\u00e3o ao diagn\u00f3stico que proporcionamos a voc\u00ea. S\u00f3 seremos respons\u00e1veis \u200b\u200bpor voc\u00ea por qualquer motivo se chegarmos a um acordo comercial para a presta\u00e7\u00e3o de nossos servi\u00e7os, nas condi\u00e7\u00f5es do mesmo.<\/p>\n\n<p>Consequentemente, at\u00e9 o limite m\u00e1ximo permitido pela lei aplic\u00e1vel, o Servi\u00e7o de An\u00e1lise Gr\u00e1tis \u00e9 fornecido &#8220;como est\u00e1&#8221; e nem a Empresa, nem seus funcion\u00e1rios, afiliados, agentes ou semelhantes oferecem garantias de qualquer tipo, sejam expressas ou impl\u00edcitas, incluindo, mas n\u00e3o se limitando a, garantias de comerciabilidade ou adequa\u00e7\u00e3o a uma finalidade espec\u00edfica ou n\u00e3o viola\u00e7\u00e3o. Nem a Empresa, nem seus funcion\u00e1rios, afiliados, agentes, sejam expressas ou impl\u00edcitas, incluindo, mas n\u00e3o se limitando a garantias de comercialidade ou adequa\u00e7\u00e3o a uma finalidade espec\u00edfica ou n\u00e3o viola\u00e7\u00e3o. Nem a Empresa, nem seus funcion\u00e1rios, afiliados, agentes, licenciadores ou semelhantes garantem que o Servi\u00e7o de An\u00e1lise Gratuita ser\u00e1 ininterrupto ou livre de erros; sejam expressas ou impl\u00edcitas, incluindo, mas n\u00e3o se limitando a garantias de comerciabilidade ou adequa\u00e7\u00e3o a uma finalidade espec\u00edfica ou n\u00e3o viola\u00e7\u00e3o. Nem a Empresa, nem seus funcion\u00e1rios, afiliados, agentes, licenciadores ou semelhantes garantem que o Servi\u00e7o de An\u00e1lise Gratuito ser\u00e1 ininterrompido ou estar\u00e1 livre de erros; nem nenhum dos mesmos oferece nenhuma garantia em rela\u00e7\u00e3o aos resultados que podem ser obtidos atrav\u00e9s do uso de Servi\u00e7o de An\u00e1lise Gratuito em rela\u00e7\u00e3o \u00e0 precis\u00e3o, confiabilidade ou conte\u00fado de qualquer informa\u00e7\u00e3o fornecida por meio do Servi\u00e7o de An\u00e1lise Gratuito. <\/p>\n\n<p><strong>6. LIMITA\u00c7\u00c3O DE RESPONSABILIDADE<\/strong><\/p>\n\n<p>At\u00e9 a extens\u00e3o m\u00e1xima permitida pela lei aplic\u00e1vel, nenhuma das partes ser\u00e1 respons\u00e1vel perante a outra parte ou qualquer outra pessoa por quaisquer danos diretos, indiretos, incidentais ou conseq\u00fcenciais, incluindo perdas ou lucros, por qualquer assunto decorrente ou relacionado. com estes Termos ou seu objeto, se tal responsabilidade for afirmada com base em um contrato, ato il\u00edcito ou de outra forma. <\/p>\n\n<p><strong>7. LEI APLIC\u00c1VEL E JURISDI\u00c7\u00c3O<\/strong><\/p>\n\n<p>A validade, interpreta\u00e7\u00e3o, execu\u00e7\u00e3o e cumprimento destes Termos ser\u00e3o regidos e interpretados de acordo com as leis da Espanha, sem refer\u00eancia ao seu conflito de princ\u00edpios jur\u00eddicos. Todas as reclama\u00e7\u00f5es e conflitos ser\u00e3o submetidos aos tribunais da cidade de Barcelona, \u200b\u200bEspanha, sem levar em considera\u00e7\u00e3o qualquer outra jurisdi\u00e7\u00e3o a que as partes possam ter direito.<\/p>\n","protected":false},"excerpt":{"rendered":"<p>Estes termos e condi\u00e7\u00f5es (&#8220;Termos&#8220;) aplicam-se \u00e0 presta\u00e7\u00e3o do servi\u00e7o de diagn\u00f3stico gratuito (&#8220;Servi\u00e7o de Diagn\u00f3stico Gratuito&#8220;) por Mediterr\u00e1nea y Soluciones Financieras S.A. (a &#8220;Empresa&#8221; ou &#8220;n\u00f3s&#8220;) aos usu\u00e1rios do site (&#8220;Voc\u00ea&#8220;). Voc\u00ea pode encontrar mais informa\u00e7\u00f5es sobre a empresa em nosso Aviso Legal. 1. DIREITO DE PROPRIEDADE INTELECTUAL De acordo com estes Termos, a [&hellip;]<\/p>\n","protected":false},"author":1,"featured_media":0,"parent":0,"menu_order":0,"comment_status":"closed","ping_status":"closed","template":"","meta":{"content-type":"","footnotes":""},"class_list":["post-4509","page","type-page","status-publish","hentry"],"yoast_head":"<!-- This site is optimized with the Yoast SEO plugin v26.9 - https:\/\/yoast.com\/product\/yoast-seo-wordpress\/ -->\n<title>Diagn\u00f3stico gr\u00e1tis - Termos e Condi\u00e7\u00f5es | Medysif<\/title>\n<meta name=\"robots\" content=\"noindex, nofollow\" \/>\n<meta property=\"og:locale\" content=\"pt_PT\" \/>\n<meta property=\"og:type\" content=\"article\" \/>\n<meta property=\"og:title\" content=\"Diagn\u00f3stico gr\u00e1tis - Termos e Condi\u00e7\u00f5es | Medysif\" \/>\n<meta property=\"og:description\" content=\"Estes termos e condi\u00e7\u00f5es (&#8220;Termos&#8220;) aplicam-se \u00e0 presta\u00e7\u00e3o do servi\u00e7o de diagn\u00f3stico gratuito (&#8220;Servi\u00e7o de Diagn\u00f3stico Gratuito&#8220;) por Mediterr\u00e1nea y Soluciones Financieras S.A. (a &#8220;Empresa&#8221; ou &#8220;n\u00f3s&#8220;) aos usu\u00e1rios do site (&#8220;Voc\u00ea&#8220;). Voc\u00ea pode encontrar mais informa\u00e7\u00f5es sobre a empresa em nosso Aviso Legal. 1. DIREITO DE PROPRIEDADE INTELECTUAL De acordo com estes Termos, a [&hellip;]\" \/>\n<meta property=\"og:url\" content=\"https:\/\/medysif.com\/pt-pt\/diagnostico-gratis-termos-e-condicoe\/\" \/>\n<meta property=\"og:site_name\" content=\"Medysif\" \/>\n<meta property=\"article:modified_time\" content=\"2020-11-11T18:31:49+00:00\" \/>\n<meta name=\"twitter:card\" content=\"summary_large_image\" \/>\n<meta name=\"twitter:label1\" content=\"Tempo estimado de leitura\" \/>\n\t<meta name=\"twitter:data1\" content=\"4 minutos\" \/>\n<script type=\"application\/ld+json\" class=\"yoast-schema-graph\">{\"@context\":\"https:\/\/schema.org\",\"@graph\":[{\"@type\":\"WebPage\",\"@id\":\"https:\/\/medysif.com\/pt-pt\/diagnostico-gratis-termos-e-condicoe\/\",\"url\":\"https:\/\/medysif.com\/pt-pt\/diagnostico-gratis-termos-e-condicoe\/\",\"name\":\"Diagn\u00f3stico gr\u00e1tis - Termos e Condi\u00e7\u00f5es | Medysif\",\"isPartOf\":{\"@id\":\"https:\/\/medysif.com\/pt-pt\/#website\"},\"datePublished\":\"2020-10-29T17:53:11+00:00\",\"dateModified\":\"2020-11-11T18:31:49+00:00\",\"breadcrumb\":{\"@id\":\"https:\/\/medysif.com\/pt-pt\/diagnostico-gratis-termos-e-condicoe\/#breadcrumb\"},\"inLanguage\":\"pt-PT\",\"potentialAction\":[{\"@type\":\"ReadAction\",\"target\":[\"https:\/\/medysif.com\/pt-pt\/diagnostico-gratis-termos-e-condicoe\/\"]}]},{\"@type\":\"BreadcrumbList\",\"@id\":\"https:\/\/medysif.com\/pt-pt\/diagnostico-gratis-termos-e-condicoe\/#breadcrumb\",\"itemListElement\":[{\"@type\":\"ListItem\",\"position\":1,\"name\":\"Portada\",\"item\":\"https:\/\/medysif.com\/pt-pt\/\"},{\"@type\":\"ListItem\",\"position\":2,\"name\":\"Diagn\u00f3stico gr\u00e1tis &#8211; Termos e Condi\u00e7\u00f5es\"}]},{\"@type\":\"WebSite\",\"@id\":\"https:\/\/medysif.com\/pt-pt\/#website\",\"url\":\"https:\/\/medysif.com\/pt-pt\/\",\"name\":\"Medysif\",\"description\":\"Otro sitio realizado con WordPress\",\"publisher\":{\"@id\":\"https:\/\/medysif.com\/pt-pt\/#organization\"},\"potentialAction\":[{\"@type\":\"SearchAction\",\"target\":{\"@type\":\"EntryPoint\",\"urlTemplate\":\"https:\/\/medysif.com\/pt-pt\/?s={search_term_string}\"},\"query-input\":{\"@type\":\"PropertyValueSpecification\",\"valueRequired\":true,\"valueName\":\"search_term_string\"}}],\"inLanguage\":\"pt-PT\"},{\"@type\":\"Organization\",\"@id\":\"https:\/\/medysif.com\/pt-pt\/#organization\",\"name\":\"MedySIF\",\"url\":\"https:\/\/medysif.com\/pt-pt\/\",\"logo\":{\"@type\":\"ImageObject\",\"inLanguage\":\"pt-PT\",\"@id\":\"https:\/\/medysif.com\/pt-pt\/#\/schema\/logo\/image\/\",\"url\":\"https:\/\/medysif.com\/wp-content\/uploads\/2020\/08\/logo-sindesc.jpg\",\"contentUrl\":\"https:\/\/medysif.com\/wp-content\/uploads\/2020\/08\/logo-sindesc.jpg\",\"width\":500,\"height\":101,\"caption\":\"MedySIF\"},\"image\":{\"@id\":\"https:\/\/medysif.com\/pt-pt\/#\/schema\/logo\/image\/\"}}]}<\/script>\n<!-- \/ Yoast SEO plugin. -->","yoast_head_json":{"title":"Diagn\u00f3stico gr\u00e1tis - Termos e Condi\u00e7\u00f5es | Medysif","robots":{"index":"noindex","follow":"nofollow"},"og_locale":"pt_PT","og_type":"article","og_title":"Diagn\u00f3stico gr\u00e1tis - Termos e Condi\u00e7\u00f5es | Medysif","og_description":"Estes termos e condi\u00e7\u00f5es (&#8220;Termos&#8220;) aplicam-se \u00e0 presta\u00e7\u00e3o do servi\u00e7o de diagn\u00f3stico gratuito (&#8220;Servi\u00e7o de Diagn\u00f3stico Gratuito&#8220;) por Mediterr\u00e1nea y Soluciones Financieras S.A. (a &#8220;Empresa&#8221; ou &#8220;n\u00f3s&#8220;) aos usu\u00e1rios do site (&#8220;Voc\u00ea&#8220;). Voc\u00ea pode encontrar mais informa\u00e7\u00f5es sobre a empresa em nosso Aviso Legal. 1. DIREITO DE PROPRIEDADE INTELECTUAL De acordo com estes Termos, a [&hellip;]","og_url":"https:\/\/medysif.com\/pt-pt\/diagnostico-gratis-termos-e-condicoe\/","og_site_name":"Medysif","article_modified_time":"2020-11-11T18:31:49+00:00","twitter_card":"summary_large_image","twitter_misc":{"Tempo estimado de leitura":"4 minutos"},"schema":{"@context":"https:\/\/schema.org","@graph":[{"@type":"WebPage","@id":"https:\/\/medysif.com\/pt-pt\/diagnostico-gratis-termos-e-condicoe\/","url":"https:\/\/medysif.com\/pt-pt\/diagnostico-gratis-termos-e-condicoe\/","name":"Diagn\u00f3stico gr\u00e1tis - Termos e Condi\u00e7\u00f5es | Medysif","isPartOf":{"@id":"https:\/\/medysif.com\/pt-pt\/#website"},"datePublished":"2020-10-29T17:53:11+00:00","dateModified":"2020-11-11T18:31:49+00:00","breadcrumb":{"@id":"https:\/\/medysif.com\/pt-pt\/diagnostico-gratis-termos-e-condicoe\/#breadcrumb"},"inLanguage":"pt-PT","potentialAction":[{"@type":"ReadAction","target":["https:\/\/medysif.com\/pt-pt\/diagnostico-gratis-termos-e-condicoe\/"]}]},{"@type":"BreadcrumbList","@id":"https:\/\/medysif.com\/pt-pt\/diagnostico-gratis-termos-e-condicoe\/#breadcrumb","itemListElement":[{"@type":"ListItem","position":1,"name":"Portada","item":"https:\/\/medysif.com\/pt-pt\/"},{"@type":"ListItem","position":2,"name":"Diagn\u00f3stico gr\u00e1tis &#8211; Termos e Condi\u00e7\u00f5es"}]},{"@type":"WebSite","@id":"https:\/\/medysif.com\/pt-pt\/#website","url":"https:\/\/medysif.com\/pt-pt\/","name":"Medysif","description":"Otro sitio realizado con WordPress","publisher":{"@id":"https:\/\/medysif.com\/pt-pt\/#organization"},"potentialAction":[{"@type":"SearchAction","target":{"@type":"EntryPoint","urlTemplate":"https:\/\/medysif.com\/pt-pt\/?s={search_term_string}"},"query-input":{"@type":"PropertyValueSpecification","valueRequired":true,"valueName":"search_term_string"}}],"inLanguage":"pt-PT"},{"@type":"Organization","@id":"https:\/\/medysif.com\/pt-pt\/#organization","name":"MedySIF","url":"https:\/\/medysif.com\/pt-pt\/","logo":{"@type":"ImageObject","inLanguage":"pt-PT","@id":"https:\/\/medysif.com\/pt-pt\/#\/schema\/logo\/image\/","url":"https:\/\/medysif.com\/wp-content\/uploads\/2020\/08\/logo-sindesc.jpg","contentUrl":"https:\/\/medysif.com\/wp-content\/uploads\/2020\/08\/logo-sindesc.jpg","width":500,"height":101,"caption":"MedySIF"},"image":{"@id":"https:\/\/medysif.com\/pt-pt\/#\/schema\/logo\/image\/"}}]}},"_links":{"self":[{"href":"https:\/\/medysif.com\/pt-pt\/wp-json\/wp\/v2\/pages\/4509","targetHints":{"allow":["GET"]}}],"collection":[{"href":"https:\/\/medysif.com\/pt-pt\/wp-json\/wp\/v2\/pages"}],"about":[{"href":"https:\/\/medysif.com\/pt-pt\/wp-json\/wp\/v2\/types\/page"}],"author":[{"embeddable":true,"href":"https:\/\/medysif.com\/pt-pt\/wp-json\/wp\/v2\/users\/1"}],"replies":[{"embeddable":true,"href":"https:\/\/medysif.com\/pt-pt\/wp-json\/wp\/v2\/comments?post=4509"}],"version-history":[{"count":7,"href":"https:\/\/medysif.com\/pt-pt\/wp-json\/wp\/v2\/pages\/4509\/revisions"}],"predecessor-version":[{"id":4940,"href":"https:\/\/medysif.com\/pt-pt\/wp-json\/wp\/v2\/pages\/4509\/revisions\/4940"}],"wp:attachment":[{"href":"https:\/\/medysif.com\/pt-pt\/wp-json\/wp\/v2\/media?parent=4509"}],"curies":[{"name":"wp","href":"https:\/\/api.w.org\/{rel}","templated":true}]}}