{"id":4497,"date":"2020-10-29T15:34:48","date_gmt":"2020-10-29T15:34:48","guid":{"rendered":"https:\/\/medysif.com\/?page_id=4497"},"modified":"2020-11-11T18:29:44","modified_gmt":"2020-11-11T18:29:44","slug":"politica-de-privacidade","status":"publish","type":"page","link":"https:\/\/medysif.com\/pt-pt\/politica-de-privacidade\/","title":{"rendered":"Pol\u00edtica de privacidade"},"content":{"rendered":"\n<p><strong>Mediterr\u00e1nea y Soluciones Inform\u00e1ticas Financieras, S.A<\/strong> (&#8220;Medysif&#8221; ou &#8220;n\u00f3s&#8221;) tem o compromisso de proteger a privacidade de todos os usu\u00e1rios de seu website (&#8220;voc\u00ea&#8221;). Esta Pol\u00edtica de Privacidade explica nossas pr\u00e1ticas relativas ao uso de dados pessoais coletados e processados atrav\u00e9s de nosso website, bem como os dados que voc\u00ea pode fornecer nas comunica\u00e7\u00f5es conosco.<\/p>\n\n<ol class=\"wp-block-list\"><li><strong>RESPONS\u00c1VEL PELO TRATAMENTO<\/strong><\/li><\/ol>\n\n<p>A entidade respons\u00e1vel por seus dados \u00e9 <strong>Mediterr\u00e1nea y Soluciones Inform\u00e1ticas Financieras, S.A.<\/strong>, domiciliada em Espronceda 53-57, Barcelona, Espanha, com NIF A61894648. Todas as comunica\u00e7\u00f5es relacionadas com o processamento de seus dados pessoais devem ser endere\u00e7adas para privacy@capacitis.com. <\/p>\n\n<ol class=\"wp-block-list\" start=\"2\"><li><strong>INFORMA\u00c7\u00d5ES PESSOAIS QUE COLETAMOS SOBRE VOC\u00ca E COMO AS UTILIZAMOS<\/strong><\/li><\/ol>\n\n<p><strong>2.1. Dados coletados<\/strong><\/p>\n\n<p>N\u00f3s coletamos e processamos os seguintes dados:<\/p>\n\n<p><strong>a) Contato. <\/strong>Voc\u00ea pode entrar em contato conosco atrav\u00e9s de nosso site, preenchendo o formul\u00e1rio de contato. Neste caso, coletaremos os seguintes dados pessoais: seu nome, seu e-mail, o assunto, sua mensagem. <\/p>\n\n<p><strong>b) Trabalhe conosco. <\/strong>Se desejar, seja porque viu uma oferta que lhe interessa ou porque considera que pode nos fornecer valor, voc\u00ea pode preencher o formul\u00e1rio com os seguintes dados: seu nome completo, seu endere\u00e7o de e-mail, a posi\u00e7\u00e3o que lhe interessa e uma mensagem (n\u00e3o obrigat\u00f3ria). <\/p>\n\n<p><strong>c) Coment\u00e1rios em nosso blog.<\/strong> Se voc\u00ea quiser deixar um coment\u00e1rio em nosso blog, coletaremos os seguintes dados pessoais: seu nome, seu e-mail, seu coment\u00e1rio e seu website (n\u00e3o obrigat\u00f3rio).<\/p>\n\n<p><strong>d) Diagn\u00f3stico gratuito. <\/strong>Se voc\u00ea quiser que lhe forne\u00e7amos um diagn\u00f3stico gratuito, deve responder nossas perguntas na se\u00e7\u00e3o &#8220;diagn\u00f3stico gratuito&#8221; e preencher o formul\u00e1rio indicando seu nome completo e endere\u00e7o de e-mail.<\/p>\n\n<p><strong>e)<\/strong> <strong>Navega\u00e7\u00e3o.<\/strong> Devido aos padr\u00f5es de comunica\u00e7\u00e3o na Internet, quando voc\u00ea visita nosso site, recebemos automaticamente a URL do site de onde voc\u00ea veio e do site que voc\u00ea visita quando sai de nosso site. Tamb\u00e9m recebemos o endere\u00e7o do Protocolo Internet (&#8220;IP&#8221;) de seu computador e o tipo de navegador que voc\u00ea est\u00e1 usando. Utilizamos estas informa\u00e7\u00f5es para analisar tend\u00eancias gerais a fim de melhorar o servi\u00e7o. Estas informa\u00e7\u00f5es n\u00e3o s\u00e3o compartilhadas com terceiros sem o seu consentimento. Al\u00e9m do acima mencionado, e conforme estabelecido em nossa pol\u00edtica de cookies, n\u00e3o coletamos nenhum dado pessoal se voc\u00ea estiver apenas navegando no site.<\/p>\n\n<p><strong>f)<\/strong><strong>Email<\/strong>: Se voc\u00ea nos enviar um e-mail com dados pessoais seus ou de terceiros, n\u00f3s trataremos os dados que voc\u00ea nos enviar.<\/p>\n\n<p>\u00c9 importante que os dados pessoais que temos sobre voc\u00ea sejam precisos e atuais. Voc\u00ea \u00e9 respons\u00e1vel pela exatid\u00e3o das informa\u00e7\u00f5es que nos fornece e espera-se que atualize as informa\u00e7\u00f5es que nos fornece.<\/p>\n\n<p><strong>2.3. Uso de dados <\/strong><\/p>\n\n<p><strong>Geral<\/strong>. Utilizamos suas informa\u00e7\u00f5es pessoais para os seguintes prop\u00f3sitos relacionados aos servi\u00e7os prestados:<\/p>\n\n<ul class=\"wp-block-list\"><li>Para lhe fornecer um diagn\u00f3stico gratuito, se solicitado;<\/li><li>Entrar em contato com voc\u00ea e personalizar sua experi\u00eancia; <\/li><li>Gerenciar o servi\u00e7o ou a\u00e7\u00f5es que voc\u00ea nos solicita;<\/li><li>Processar transa\u00e7\u00f5es e melhorar nossos servi\u00e7os e nosso website;<\/li><li>Enviar-lhe comunica\u00e7\u00f5es comerciais, se voc\u00ea marcar a caixa apropriada.<\/li><\/ul>\n\n<p><strong>Comunica\u00e7\u00f5es comerciais<\/strong><\/p>\n\n<p>Ao marcar a caixa apropriada, voc\u00ea concorda em receber de n\u00f3s comunica\u00e7\u00f5es comerciais sobre nossos servi\u00e7os. Se posteriormente voc\u00ea n\u00e3o desejar receber informa\u00e7\u00f5es comerciais de <a href=\"mailto:lopd@boolino.com\">nossa<\/a>parte, voc\u00ea pode optar por n\u00e3o as receber enviando uma notifica\u00e7\u00e3o para privacy@capacitis.com ou clicando no link para cancelar a inscri\u00e7\u00e3o em nossas comunica\u00e7\u00f5es por e-mail.<\/p>\n\n<ol class=\"wp-block-list\" start=\"3\"><li><strong>BASE JUR\u00cdDICA<\/strong><\/li><\/ol>\n\n<p>As bases legais nas quais baseamos o tratamento de seus dados pessoais s\u00e3o as seguintes:<\/p>\n\n<ul class=\"wp-block-list\"><li>Seu expresso consentimento informado para o envio de comunica\u00e7\u00f5es comerciais <\/li><li>O leg\u00edtimo interesse da Medysif em administrar os servi\u00e7os ou a\u00e7\u00f5es solicitadas pelos usu\u00e1rios. Garantimos que consideramos e equilibramos qualquer poss\u00edvel impacto sobre voc\u00ea (tanto positivo quanto negativo) e seus direitos antes de processar seus dados pessoais para nossos leg\u00edtimos interesses. <\/li><li>Em determinadas circunst\u00e2ncias, cumprir uma obriga\u00e7\u00e3o legal ou regulamentar: significa processar seus dados pessoais quando necess\u00e1rio para cumprir uma obriga\u00e7\u00e3o legal ou regulamentar \u00e0 qual estamos sujeitos.<\/li><\/ul>\n\n<ol class=\"wp-block-list\" start=\"4\"><li><strong>DIVULGA\u00c7\u00c3O DE DADOS<\/strong><\/li><\/ol>\n\n<p>Tratamos seus dados pessoais de forma confidencial, de acordo com a legisla\u00e7\u00e3o aplic\u00e1vel. Salvo indica\u00e7\u00e3o em contr\u00e1rio, seus dados pessoais n\u00e3o ser\u00e3o fornecidos a terceiros. A Medysif n\u00e3o vende ou transfere a terceiros listas de dados pessoais, ou qualquer outro tipo, nem gera qualquer tipo de renda de terceiros para os dados coletados nestas p\u00e1ginas.<\/p>\n\n<p>No entanto, divulgaremos algumas informa\u00e7\u00f5es da seguinte forma:<\/p>\n\n<ul class=\"wp-block-list\"><li>Podemos compartilhar detalhes de contato de oportunidades de neg\u00f3cios com nossos parceiros comerciais\/parceiros ou empresas dentro de nosso grupo de empresas. <\/li><\/ul>\n\n<ul class=\"wp-block-list\"><li>Podemos disponibilizar dados pessoais a qualquer empresa interessada em comprar ou que compre a empresa ou parte de seus neg\u00f3cios e, consequentemente, dar acesso a qualquer auditor nacional ou internacional para realizar sua &#8220;<em>due diligence<\/em>&#8220;.<\/li><li>Para contatos e oportunidades em certos pa\u00edses, podemos compartilhar seus dados de contato com as outras empresas de nosso grupo comercial.<\/li><li>Podemos compartilhar os dados com as autoridades competentes, a fim de cumprir com uma obriga\u00e7\u00e3o legal.<\/li><\/ul>\n\n<p>Tenha em mente que algumas empresas do nosso grupo est\u00e3o localizadas fora do Espa\u00e7o Econ\u00f4mico Europeu, na Argentina. A se\u00e7\u00e3o 5 sobre transfer\u00eancias internacionais se aplica \u00e0 divulga\u00e7\u00e3o de dados pessoais a tais entidades, favor l\u00ea-la cuidadosamente. <\/p>\n\n<p>Podemos dar acesso a dados pessoais a nossos prestadores de servi\u00e7os sob contratos para a presta\u00e7\u00e3o de servi\u00e7os \u00e0 empresa. Exigimos de todos os terceiros que respeitem a seguran\u00e7a de seus dados pessoais e que os tratem de acordo com a lei. N\u00e3o permitimos que nossos prestadores de servi\u00e7os externos utilizem seus dados pessoais para seus pr\u00f3prios fins e s\u00f3 lhes permitimos processar seus dados pessoais para fins espec\u00edficos e de acordo com nossas instru\u00e7\u00f5es.<\/p>\n\n<ol class=\"wp-block-list\" start=\"5\"><li><strong>TRANSFER\u00caNCIAS INTERNACIONAIS <\/strong><\/li><\/ol>\n\n<p>Utilizamos v\u00e1rios servi\u00e7os de terceiros para fornecer nossos servi\u00e7os, alguns dos quais est\u00e3o localizados fora do Espa\u00e7o Econ\u00f4mico Europeu, em pa\u00edses que geralmente n\u00e3o oferecem garantias adequadas para a prote\u00e7\u00e3o de dados pessoais, no entanto, firmamos acordos com tais fornecedores com as garantias contratuais necess\u00e1rias nos termos da lei, como a assinatura de &#8220;cl\u00e1usulas contratuais padr\u00e3o&#8221; aprovadas pela Comiss\u00e3o Europ\u00e9ia. <\/p>\n\n<p>Al\u00e9m disso, podemos transmitir seus dados a outras empresas de nosso grupo empresarial que est\u00e3o na Argentina. Este pa\u00eds foi reconhecido pela Comiss\u00e3o Europ\u00e9ia como um pa\u00eds que oferece prote\u00e7\u00e3o adequada de dados pessoais, permitindo a livre circula\u00e7\u00e3o de dados entre a Uni\u00e3o Europ\u00e9ia e a Argentina, sem a necessidade de garantias adicionais. Tamb\u00e9m est\u00e1 em vigor um acordo intragrupo, que garante que essas empresas processar\u00e3o os dados de acordo com nossas indica\u00e7\u00f5es. Voc\u00ea pode entrar em contato conosco para consultar ou obter c\u00f3pias destes acordos em nosso endere\u00e7o de contato privacy@capacitis.com. <\/p>\n\n<ol class=\"wp-block-list\" start=\"6\"><li><strong>RETEN\u00c7\u00c3O DE DADOS<\/strong><\/li><\/ol>\n\n<p>Somente conservaremos seus dados pessoais somente pelo tempo necess\u00e1rio para cumprir as finalidades para as quais foram coletados, incluindo o cumprimento das exig\u00eancias legais, cont\u00e1beis ou de relat\u00f3rios.<\/p>\n\n<p>Ao determinar o per\u00edodo de reten\u00e7\u00e3o apropriado para os dados pessoais, consideramos a quantidade, natureza e sensibilidade dos dados pessoais, o risco potencial de danos decorrentes do uso n\u00e3o autorizado ou da divulga\u00e7\u00e3o de seus dados pessoais, as finalidades para as quais processamos seus dados pessoais, se podemos atingir essas finalidades por outros meios e os requisitos legais aplic\u00e1veis. <\/p>\n\n<ol class=\"wp-block-list\" start=\"7\"><li><strong>MEDIDAS DE SEGURAN\u00c7A<\/strong><\/li><\/ol>\n\n<p>A Medysif adotou as medidas necess\u00e1rias para manter o n\u00edvel de seguran\u00e7a exigido, de acordo com a natureza dos dados pessoais processados e as circunst\u00e2ncias do tratamento, a fim de evitar, na medida do poss\u00edvel e sempre de acordo com o estado da t\u00e9cnica, sua altera\u00e7\u00e3o, perda, tratamento ou acesso n\u00e3o autorizado.<\/p>\n\n<ol class=\"wp-block-list\" start=\"8\"><li><strong>SEUS DIREITOS <\/strong><\/li><\/ol>\n\n<p>Sob as leis de prote\u00e7\u00e3o de dados, voc\u00ea tem o direito de: Solicitar acesso a seus dados pessoais, solicitar a corre\u00e7\u00e3o dos dados pessoais que temos sobre voc\u00ea, solicitar a exclus\u00e3o de seus dados pessoais, objetar ou solicitar restri\u00e7\u00e3o ao processamento de seus dados pessoais, solicitar a transfer\u00eancia de seus dados pessoais a voc\u00ea ou a terceiros e retirar o consentimento a qualquer momento quando dependermos de seu consentimento para processar seus dados pessoais. <\/p>\n\n<p>Voc\u00ea pode exercer seus direitos acima mencionados entrando em contato conosco pelo e-mail privacy@capacitis.com. <\/p>\n\n<p>Voc\u00ea tamb\u00e9m tem o direito de apresentar queixa \u00e0 autoridade competente, neste caso, a Ag\u00eancia Espanhola de Prote\u00e7\u00e3o de Dados (Agencia Espa\u00f1ola de Protecci\u00f3n de Datos), C \/. Jorge Juan, 6, 28001 Madrid, Espanha<strong>.<\/strong><\/p>\n\n<ol class=\"wp-block-list\" start=\"9\"><li><strong>GERAL<\/strong><\/li><\/ol>\n\n<p>Nos reservamos o direito de alterar os termos desta Pol\u00edtica de Privacidade e o notificaremos por e-mail, em nosso website e nesta Pol\u00edtica de Privacidade. Se voc\u00ea continuar a utilizar nossos servi\u00e7os ap\u00f3s tal atualiza\u00e7\u00e3o, ser\u00e1 considerado que voc\u00ea aceitou os novos termos. Se voc\u00ea n\u00e3o concordar com a atualiza\u00e7\u00e3o, favor nos notificar e excluiremos seus dados pessoais (exceto quando for necess\u00e1rio mant\u00ea-los para fins legais) e voc\u00ea n\u00e3o poder\u00e1 mais utilizar nossos servi\u00e7os.<\/p>\n\n<p>A menos que um regulamento local espec\u00edfico declare o contr\u00e1rio, a Pol\u00edtica de Privacidade \u00e9 regida pelas leis da Espanha.<\/p>\n","protected":false},"excerpt":{"rendered":"<p>Mediterr\u00e1nea y Soluciones Inform\u00e1ticas Financieras, S.A (&#8220;Medysif&#8221; ou &#8220;n\u00f3s&#8221;) tem o compromisso de proteger a privacidade de todos os usu\u00e1rios de seu website (&#8220;voc\u00ea&#8221;). Esta Pol\u00edtica de Privacidade explica nossas pr\u00e1ticas relativas ao uso de dados pessoais coletados e processados atrav\u00e9s de nosso website, bem como os dados que voc\u00ea pode fornecer nas comunica\u00e7\u00f5es conosco. [&hellip;]<\/p>\n","protected":false},"author":1,"featured_media":0,"parent":0,"menu_order":0,"comment_status":"closed","ping_status":"open","template":"","meta":{"content-type":"","footnotes":""},"class_list":["post-4497","page","type-page","status-publish","hentry"],"yoast_head":"<!-- This site is optimized with the Yoast SEO plugin v26.9 - https:\/\/yoast.com\/product\/yoast-seo-wordpress\/ -->\n<title>Pol\u00edtica de privacidade | Medysif<\/title>\n<meta name=\"robots\" content=\"noindex, nofollow\" \/>\n<meta property=\"og:locale\" content=\"pt_PT\" \/>\n<meta property=\"og:type\" content=\"article\" \/>\n<meta property=\"og:title\" content=\"Pol\u00edtica de privacidade | Medysif\" \/>\n<meta property=\"og:description\" content=\"Mediterr\u00e1nea y Soluciones Inform\u00e1ticas Financieras, S.A (&#8220;Medysif&#8221; ou &#8220;n\u00f3s&#8221;) tem o compromisso de proteger a privacidade de todos os usu\u00e1rios de seu website (&#8220;voc\u00ea&#8221;). Esta Pol\u00edtica de Privacidade explica nossas pr\u00e1ticas relativas ao uso de dados pessoais coletados e processados atrav\u00e9s de nosso website, bem como os dados que voc\u00ea pode fornecer nas comunica\u00e7\u00f5es conosco. [&hellip;]\" \/>\n<meta property=\"og:url\" content=\"https:\/\/medysif.com\/pt-pt\/politica-de-privacidade\/\" \/>\n<meta property=\"og:site_name\" content=\"Medysif\" \/>\n<meta property=\"article:modified_time\" content=\"2020-11-11T18:29:44+00:00\" \/>\n<meta name=\"twitter:card\" content=\"summary_large_image\" \/>\n<meta name=\"twitter:label1\" content=\"Tempo estimado de leitura\" \/>\n\t<meta name=\"twitter:data1\" content=\"8 minutos\" \/>\n<script type=\"application\/ld+json\" class=\"yoast-schema-graph\">{\"@context\":\"https:\/\/schema.org\",\"@graph\":[{\"@type\":\"WebPage\",\"@id\":\"https:\/\/medysif.com\/pt-pt\/politica-de-privacidade\/\",\"url\":\"https:\/\/medysif.com\/pt-pt\/politica-de-privacidade\/\",\"name\":\"Pol\u00edtica de privacidade | Medysif\",\"isPartOf\":{\"@id\":\"https:\/\/medysif.com\/pt-pt\/#website\"},\"datePublished\":\"2020-10-29T15:34:48+00:00\",\"dateModified\":\"2020-11-11T18:29:44+00:00\",\"breadcrumb\":{\"@id\":\"https:\/\/medysif.com\/pt-pt\/politica-de-privacidade\/#breadcrumb\"},\"inLanguage\":\"pt-PT\",\"potentialAction\":[{\"@type\":\"ReadAction\",\"target\":[\"https:\/\/medysif.com\/pt-pt\/politica-de-privacidade\/\"]}]},{\"@type\":\"BreadcrumbList\",\"@id\":\"https:\/\/medysif.com\/pt-pt\/politica-de-privacidade\/#breadcrumb\",\"itemListElement\":[{\"@type\":\"ListItem\",\"position\":1,\"name\":\"Portada\",\"item\":\"https:\/\/medysif.com\/pt-pt\/\"},{\"@type\":\"ListItem\",\"position\":2,\"name\":\"Pol\u00edtica de privacidade\"}]},{\"@type\":\"WebSite\",\"@id\":\"https:\/\/medysif.com\/pt-pt\/#website\",\"url\":\"https:\/\/medysif.com\/pt-pt\/\",\"name\":\"Medysif\",\"description\":\"Otro sitio realizado con WordPress\",\"publisher\":{\"@id\":\"https:\/\/medysif.com\/pt-pt\/#organization\"},\"potentialAction\":[{\"@type\":\"SearchAction\",\"target\":{\"@type\":\"EntryPoint\",\"urlTemplate\":\"https:\/\/medysif.com\/pt-pt\/?s={search_term_string}\"},\"query-input\":{\"@type\":\"PropertyValueSpecification\",\"valueRequired\":true,\"valueName\":\"search_term_string\"}}],\"inLanguage\":\"pt-PT\"},{\"@type\":\"Organization\",\"@id\":\"https:\/\/medysif.com\/pt-pt\/#organization\",\"name\":\"MedySIF\",\"url\":\"https:\/\/medysif.com\/pt-pt\/\",\"logo\":{\"@type\":\"ImageObject\",\"inLanguage\":\"pt-PT\",\"@id\":\"https:\/\/medysif.com\/pt-pt\/#\/schema\/logo\/image\/\",\"url\":\"https:\/\/medysif.com\/wp-content\/uploads\/2020\/08\/logo-sindesc.jpg\",\"contentUrl\":\"https:\/\/medysif.com\/wp-content\/uploads\/2020\/08\/logo-sindesc.jpg\",\"width\":500,\"height\":101,\"caption\":\"MedySIF\"},\"image\":{\"@id\":\"https:\/\/medysif.com\/pt-pt\/#\/schema\/logo\/image\/\"}}]}<\/script>\n<!-- \/ Yoast SEO plugin. -->","yoast_head_json":{"title":"Pol\u00edtica de privacidade | Medysif","robots":{"index":"noindex","follow":"nofollow"},"og_locale":"pt_PT","og_type":"article","og_title":"Pol\u00edtica de privacidade | Medysif","og_description":"Mediterr\u00e1nea y Soluciones Inform\u00e1ticas Financieras, S.A (&#8220;Medysif&#8221; ou &#8220;n\u00f3s&#8221;) tem o compromisso de proteger a privacidade de todos os usu\u00e1rios de seu website (&#8220;voc\u00ea&#8221;). Esta Pol\u00edtica de Privacidade explica nossas pr\u00e1ticas relativas ao uso de dados pessoais coletados e processados atrav\u00e9s de nosso website, bem como os dados que voc\u00ea pode fornecer nas comunica\u00e7\u00f5es conosco. [&hellip;]","og_url":"https:\/\/medysif.com\/pt-pt\/politica-de-privacidade\/","og_site_name":"Medysif","article_modified_time":"2020-11-11T18:29:44+00:00","twitter_card":"summary_large_image","twitter_misc":{"Tempo estimado de leitura":"8 minutos"},"schema":{"@context":"https:\/\/schema.org","@graph":[{"@type":"WebPage","@id":"https:\/\/medysif.com\/pt-pt\/politica-de-privacidade\/","url":"https:\/\/medysif.com\/pt-pt\/politica-de-privacidade\/","name":"Pol\u00edtica de privacidade | Medysif","isPartOf":{"@id":"https:\/\/medysif.com\/pt-pt\/#website"},"datePublished":"2020-10-29T15:34:48+00:00","dateModified":"2020-11-11T18:29:44+00:00","breadcrumb":{"@id":"https:\/\/medysif.com\/pt-pt\/politica-de-privacidade\/#breadcrumb"},"inLanguage":"pt-PT","potentialAction":[{"@type":"ReadAction","target":["https:\/\/medysif.com\/pt-pt\/politica-de-privacidade\/"]}]},{"@type":"BreadcrumbList","@id":"https:\/\/medysif.com\/pt-pt\/politica-de-privacidade\/#breadcrumb","itemListElement":[{"@type":"ListItem","position":1,"name":"Portada","item":"https:\/\/medysif.com\/pt-pt\/"},{"@type":"ListItem","position":2,"name":"Pol\u00edtica de privacidade"}]},{"@type":"WebSite","@id":"https:\/\/medysif.com\/pt-pt\/#website","url":"https:\/\/medysif.com\/pt-pt\/","name":"Medysif","description":"Otro sitio realizado con WordPress","publisher":{"@id":"https:\/\/medysif.com\/pt-pt\/#organization"},"potentialAction":[{"@type":"SearchAction","target":{"@type":"EntryPoint","urlTemplate":"https:\/\/medysif.com\/pt-pt\/?s={search_term_string}"},"query-input":{"@type":"PropertyValueSpecification","valueRequired":true,"valueName":"search_term_string"}}],"inLanguage":"pt-PT"},{"@type":"Organization","@id":"https:\/\/medysif.com\/pt-pt\/#organization","name":"MedySIF","url":"https:\/\/medysif.com\/pt-pt\/","logo":{"@type":"ImageObject","inLanguage":"pt-PT","@id":"https:\/\/medysif.com\/pt-pt\/#\/schema\/logo\/image\/","url":"https:\/\/medysif.com\/wp-content\/uploads\/2020\/08\/logo-sindesc.jpg","contentUrl":"https:\/\/medysif.com\/wp-content\/uploads\/2020\/08\/logo-sindesc.jpg","width":500,"height":101,"caption":"MedySIF"},"image":{"@id":"https:\/\/medysif.com\/pt-pt\/#\/schema\/logo\/image\/"}}]}},"_links":{"self":[{"href":"https:\/\/medysif.com\/pt-pt\/wp-json\/wp\/v2\/pages\/4497","targetHints":{"allow":["GET"]}}],"collection":[{"href":"https:\/\/medysif.com\/pt-pt\/wp-json\/wp\/v2\/pages"}],"about":[{"href":"https:\/\/medysif.com\/pt-pt\/wp-json\/wp\/v2\/types\/page"}],"author":[{"embeddable":true,"href":"https:\/\/medysif.com\/pt-pt\/wp-json\/wp\/v2\/users\/1"}],"replies":[{"embeddable":true,"href":"https:\/\/medysif.com\/pt-pt\/wp-json\/wp\/v2\/comments?post=4497"}],"version-history":[{"count":6,"href":"https:\/\/medysif.com\/pt-pt\/wp-json\/wp\/v2\/pages\/4497\/revisions"}],"predecessor-version":[{"id":4923,"href":"https:\/\/medysif.com\/pt-pt\/wp-json\/wp\/v2\/pages\/4497\/revisions\/4923"}],"wp:attachment":[{"href":"https:\/\/medysif.com\/pt-pt\/wp-json\/wp\/v2\/media?parent=4497"}],"curies":[{"name":"wp","href":"https:\/\/api.w.org\/{rel}","templated":true}]}}