{"id":3594,"date":"2020-10-19T15:33:21","date_gmt":"2020-10-19T15:33:21","guid":{"rendered":"https:\/\/medysif.com\/accionistas\/"},"modified":"2020-10-27T14:14:07","modified_gmt":"2020-10-27T14:14:07","slug":"accionistas","status":"publish","type":"page","link":"https:\/\/medysif.com\/en\/accionistas\/","title":{"rendered":"Accionistas"},"content":{"rendered":"\t\t<div data-elementor-type=\"wp-page\" data-elementor-id=\"3594\" class=\"elementor elementor-3594 elementor-3291\" data-elementor-post-type=\"page\">\n\t\t\t\t\t\t<section class=\"elementor-section elementor-top-section elementor-element elementor-element-ae4b952 elementor-section-boxed elementor-section-height-default elementor-section-height-default\" data-id=\"ae4b952\" data-element_type=\"section\" data-e-type=\"section\">\n\t\t\t\t\t\t<div class=\"elementor-container elementor-column-gap-default\">\n\t\t\t\t\t<div class=\"elementor-column elementor-col-100 elementor-top-column elementor-element elementor-element-1455fec\" data-id=\"1455fec\" data-element_type=\"column\" data-e-type=\"column\">\n\t\t\t<div class=\"elementor-widget-wrap elementor-element-populated\">\n\t\t\t\t\t\t<div class=\"elementor-element elementor-element-8125187 elementor-widget elementor-widget-html\" data-id=\"8125187\" data-element_type=\"widget\" data-e-type=\"widget\" data-widget_type=\"html.default\">\n\t\t\t\t<div class=\"elementor-widget-container\">\n\t\t\t\t\t<div id=\"PI-Iframe-Container\" style=\"background-image: url('https:\/\/medysif.com\/wp-content\/uploads\/2016\/12\/Loading.gif'); background-repeat: no-repeat; background-attachment: fixed;background-position: center center;\">\n<iframe id=\"PI-Iframe\" src=\"\" frameborder=\"0\" style=\"display: block; height: 100%; left: 0; min-width: 650px; min-height: 440px; top: 0; width: 100%;\"><\/iframe>\n<script type=\"text\/javascript\">\n if (typeof String.prototype.endsWith !== 'function') {\n String.prototype.endsWith = function (suffix) {\n return this.indexOf(suffix, this.length - suffix.length) !== -1;\n };\n  }\n\n \/* Informar aqu\u00ed la URL del cliente proporcionada a Private Investments Network y que usar\u00e1n sus inversores para acceder *\/\n var CustomerURL = \"https:\/\/medysif.com\/es\/accionistas\/\";\n \/* Informar aqu\u00ed la URL que Private Investments Network le ha proporcionado y que usar\u00e1 para realizar la redirecci\u00f3n de su web *\/\n var PrivateInvestmentsNetworkURL = \"www.privateinvestmentsnetwork.com\/Screen\/1014\";\n\n var sourceURL = window.location.href.toLowerCase();\n var destURL = ('https:' == document.location.protocol ? 'https:\/\/' : 'http:\/\/') +PrivateInvestmentsNetworkURL;\n       \n var Action = \"\";\n var separador = \"\";\n var Controller = \"\";\n var QueryString = \"\";\n var KeyValues = window.location.search.slice(window.location.search.indexOf('?') + 1).split('&amp;');\n\n for (var i = 0; i <keyvalues.length i=\"\" if=\"\">  -1) {\n var KeyValue = KeyValues[i].split(\"=\");\n var Key = KeyValue[0].toLowerCase();\n var Value = KeyValue[1];\n\n switch (Key) {\n case \"controller\":\n case \"ctr\":\n Controller = Value;\n break;\n case \"action\":\n case \"act\":\n Action = Value;\n break;\n default:\n if (QueryString != \"\") separador = \"&amp;\";\n QueryString = QueryString + separador + Key + \"=\" + Value;\n  }\n  }\n  }\n\n destURL += (destURL.endsWith(\"\/\") ? \"\" : \"\/\");\n destURL += (Controller.length == 0 ? \"\" : Controller);\n destURL += (Action.length == 0 ? \"\" : \"\/\" + Action);\n destURL += (QueryString.length == 0 ? \"\" : \"?\" + QueryString);\n\n\n console.log(destURL);\n document.getElementById(\"PI-Iframe\").src = destURL;\n\n<\/script>\n<script type=\"text\/javascript\">\n function receiveSize(e){\n console.log(\"receiveSize: \" + e.data + \"px\");\n document.getElementById(\"PI-Iframe\").style.height = e.data + \"px\";\n }\n try {\n window.addEventListener(\"message\", receiveSize, false);\n }\n catch (err) {\n }\n<\/script>\n<\/keyvalues.length><\/div>\t\t\t\t<\/div>\n\t\t\t\t<\/div>\n\t\t\t\t\t<\/div>\n\t\t<\/div>\n\t\t\t\t\t<\/div>\n\t\t<\/section>\n\t\t\t\t<\/div>\n\t\t","protected":false},"excerpt":{"rendered":"","protected":false},"author":1,"featured_media":0,"parent":0,"menu_order":0,"comment_status":"closed","ping_status":"closed","template":"","meta":{"content-type":"","footnotes":""},"class_list":["post-3594","page","type-page","status-publish","hentry"],"yoast_head":"<!-- This site is optimized with the Yoast SEO plugin v26.9 - https:\/\/yoast.com\/product\/yoast-seo-wordpress\/ -->\n<title>Accionistas | Medysif<\/title>\n<meta name=\"robots\" content=\"index, follow, max-snippet:-1, max-image-preview:large, max-video-preview:-1\" \/>\n<link rel=\"canonical\" href=\"https:\/\/medysif.com\/en\/accionistas\/\" \/>\n<meta property=\"og:locale\" content=\"en_US\" \/>\n<meta property=\"og:type\" content=\"article\" \/>\n<meta property=\"og:title\" content=\"Accionistas | Medysif\" \/>\n<meta property=\"og:url\" content=\"https:\/\/medysif.com\/en\/accionistas\/\" \/>\n<meta property=\"og:site_name\" content=\"Medysif\" \/>\n<meta property=\"article:modified_time\" content=\"2020-10-27T14:14:07+00:00\" \/>\n<meta name=\"twitter:card\" content=\"summary_large_image\" \/>\n<script type=\"application\/ld+json\" class=\"yoast-schema-graph\">{\"@context\":\"https:\/\/schema.org\",\"@graph\":[{\"@type\":\"WebPage\",\"@id\":\"https:\/\/medysif.com\/en\/accionistas\/\",\"url\":\"https:\/\/medysif.com\/en\/accionistas\/\",\"name\":\"Accionistas | Medysif\",\"isPartOf\":{\"@id\":\"https:\/\/medysif.com\/en\/#website\"},\"datePublished\":\"2020-10-19T15:33:21+00:00\",\"dateModified\":\"2020-10-27T14:14:07+00:00\",\"breadcrumb\":{\"@id\":\"https:\/\/medysif.com\/en\/accionistas\/#breadcrumb\"},\"inLanguage\":\"en-US\",\"potentialAction\":[{\"@type\":\"ReadAction\",\"target\":[\"https:\/\/medysif.com\/en\/accionistas\/\"]}]},{\"@type\":\"BreadcrumbList\",\"@id\":\"https:\/\/medysif.com\/en\/accionistas\/#breadcrumb\",\"itemListElement\":[{\"@type\":\"ListItem\",\"position\":1,\"name\":\"Portada\",\"item\":\"https:\/\/medysif.com\/en\/\"},{\"@type\":\"ListItem\",\"position\":2,\"name\":\"Accionistas\"}]},{\"@type\":\"WebSite\",\"@id\":\"https:\/\/medysif.com\/en\/#website\",\"url\":\"https:\/\/medysif.com\/en\/\",\"name\":\"Medysif\",\"description\":\"Otro sitio realizado con WordPress\",\"publisher\":{\"@id\":\"https:\/\/medysif.com\/en\/#organization\"},\"potentialAction\":[{\"@type\":\"SearchAction\",\"target\":{\"@type\":\"EntryPoint\",\"urlTemplate\":\"https:\/\/medysif.com\/en\/?s={search_term_string}\"},\"query-input\":{\"@type\":\"PropertyValueSpecification\",\"valueRequired\":true,\"valueName\":\"search_term_string\"}}],\"inLanguage\":\"en-US\"},{\"@type\":\"Organization\",\"@id\":\"https:\/\/medysif.com\/en\/#organization\",\"name\":\"MedySIF\",\"url\":\"https:\/\/medysif.com\/en\/\",\"logo\":{\"@type\":\"ImageObject\",\"inLanguage\":\"en-US\",\"@id\":\"https:\/\/medysif.com\/en\/#\/schema\/logo\/image\/\",\"url\":\"https:\/\/medysif.com\/wp-content\/uploads\/2020\/08\/logo-sindesc.jpg\",\"contentUrl\":\"https:\/\/medysif.com\/wp-content\/uploads\/2020\/08\/logo-sindesc.jpg\",\"width\":500,\"height\":101,\"caption\":\"MedySIF\"},\"image\":{\"@id\":\"https:\/\/medysif.com\/en\/#\/schema\/logo\/image\/\"}}]}<\/script>\n<!-- \/ Yoast SEO plugin. -->","yoast_head_json":{"title":"Accionistas | Medysif","robots":{"index":"index","follow":"follow","max-snippet":"max-snippet:-1","max-image-preview":"max-image-preview:large","max-video-preview":"max-video-preview:-1"},"canonical":"https:\/\/medysif.com\/en\/accionistas\/","og_locale":"en_US","og_type":"article","og_title":"Accionistas | Medysif","og_url":"https:\/\/medysif.com\/en\/accionistas\/","og_site_name":"Medysif","article_modified_time":"2020-10-27T14:14:07+00:00","twitter_card":"summary_large_image","schema":{"@context":"https:\/\/schema.org","@graph":[{"@type":"WebPage","@id":"https:\/\/medysif.com\/en\/accionistas\/","url":"https:\/\/medysif.com\/en\/accionistas\/","name":"Accionistas | Medysif","isPartOf":{"@id":"https:\/\/medysif.com\/en\/#website"},"datePublished":"2020-10-19T15:33:21+00:00","dateModified":"2020-10-27T14:14:07+00:00","breadcrumb":{"@id":"https:\/\/medysif.com\/en\/accionistas\/#breadcrumb"},"inLanguage":"en-US","potentialAction":[{"@type":"ReadAction","target":["https:\/\/medysif.com\/en\/accionistas\/"]}]},{"@type":"BreadcrumbList","@id":"https:\/\/medysif.com\/en\/accionistas\/#breadcrumb","itemListElement":[{"@type":"ListItem","position":1,"name":"Portada","item":"https:\/\/medysif.com\/en\/"},{"@type":"ListItem","position":2,"name":"Accionistas"}]},{"@type":"WebSite","@id":"https:\/\/medysif.com\/en\/#website","url":"https:\/\/medysif.com\/en\/","name":"Medysif","description":"Otro sitio realizado con WordPress","publisher":{"@id":"https:\/\/medysif.com\/en\/#organization"},"potentialAction":[{"@type":"SearchAction","target":{"@type":"EntryPoint","urlTemplate":"https:\/\/medysif.com\/en\/?s={search_term_string}"},"query-input":{"@type":"PropertyValueSpecification","valueRequired":true,"valueName":"search_term_string"}}],"inLanguage":"en-US"},{"@type":"Organization","@id":"https:\/\/medysif.com\/en\/#organization","name":"MedySIF","url":"https:\/\/medysif.com\/en\/","logo":{"@type":"ImageObject","inLanguage":"en-US","@id":"https:\/\/medysif.com\/en\/#\/schema\/logo\/image\/","url":"https:\/\/medysif.com\/wp-content\/uploads\/2020\/08\/logo-sindesc.jpg","contentUrl":"https:\/\/medysif.com\/wp-content\/uploads\/2020\/08\/logo-sindesc.jpg","width":500,"height":101,"caption":"MedySIF"},"image":{"@id":"https:\/\/medysif.com\/en\/#\/schema\/logo\/image\/"}}]}},"_links":{"self":[{"href":"https:\/\/medysif.com\/en\/wp-json\/wp\/v2\/pages\/3594","targetHints":{"allow":["GET"]}}],"collection":[{"href":"https:\/\/medysif.com\/en\/wp-json\/wp\/v2\/pages"}],"about":[{"href":"https:\/\/medysif.com\/en\/wp-json\/wp\/v2\/types\/page"}],"author":[{"embeddable":true,"href":"https:\/\/medysif.com\/en\/wp-json\/wp\/v2\/users\/1"}],"replies":[{"embeddable":true,"href":"https:\/\/medysif.com\/en\/wp-json\/wp\/v2\/comments?post=3594"}],"version-history":[{"count":7,"href":"https:\/\/medysif.com\/en\/wp-json\/wp\/v2\/pages\/3594\/revisions"}],"predecessor-version":[{"id":4242,"href":"https:\/\/medysif.com\/en\/wp-json\/wp\/v2\/pages\/3594\/revisions\/4242"}],"wp:attachment":[{"href":"https:\/\/medysif.com\/en\/wp-json\/wp\/v2\/media?parent=3594"}],"curies":[{"name":"wp","href":"https:\/\/api.w.org\/{rel}","templated":true}]}}